{"id":1040,"date":"2022-07-15T11:33:08","date_gmt":"2022-07-15T09:33:08","guid":{"rendered":"http:\/\/freeall.webdraft2020.it\/progetto\/"},"modified":"2022-07-30T14:13:37","modified_gmt":"2022-07-30T12:13:37","slug":"proyecto","status":"publish","type":"page","link":"https:\/\/freeall.oxfam.it\/es\/proyecto\/","title":{"rendered":"Proyecto"},"content":{"rendered":"\t\t<div data-elementor-type=\"wp-page\" data-elementor-id=\"1040\" class=\"elementor elementor-1040\" data-elementor-post-type=\"page\">\n\t\t\t\t\t\t\t\t\t<section class=\"elementor-section elementor-top-section elementor-element elementor-element-5deb25f elementor-section-boxed elementor-section-height-default elementor-section-height-default\" data-id=\"5deb25f\" data-element_type=\"section\" data-settings=\"{&quot;background_background&quot;:&quot;classic&quot;}\">\n\t\t\t\t\t\t<div class=\"elementor-container elementor-column-gap-default\">\n\t\t\t\t\t<div class=\"elementor-column elementor-col-100 elementor-top-column elementor-element elementor-element-03cfa4f\" data-id=\"03cfa4f\" data-element_type=\"column\">\n\t\t\t<div class=\"elementor-widget-wrap elementor-element-populated\">\n\t\t\t\t\t\t\t\t<div class=\"elementor-element elementor-element-a548829 elementor-widget elementor-widget-heading\" data-id=\"a548829\" data-element_type=\"widget\" data-widget_type=\"heading.default\">\n\t\t\t\t<div class=\"elementor-widget-container\">\n\t\t\t<style>\/*! elementor - v3.18.0 - 20-12-2023 *\/\n.elementor-heading-title{padding:0;margin:0;line-height:1}.elementor-widget-heading .elementor-heading-title[class*=elementor-size-]>a{color:inherit;font-size:inherit;line-height:inherit}.elementor-widget-heading .elementor-heading-title.elementor-size-small{font-size:15px}.elementor-widget-heading .elementor-heading-title.elementor-size-medium{font-size:19px}.elementor-widget-heading .elementor-heading-title.elementor-size-large{font-size:29px}.elementor-widget-heading .elementor-heading-title.elementor-size-xl{font-size:39px}.elementor-widget-heading .elementor-heading-title.elementor-size-xxl{font-size:59px}<\/style><h1 class=\"elementor-heading-title elementor-size-default\">EL PROYECTO<\/h1>\t\t<\/div>\n\t\t\t\t<\/div>\n\t\t\t\t\t<\/div>\n\t\t<\/div>\n\t\t\t\t\t\t\t<\/div>\n\t\t<\/section>\n\t\t\t\t<section class=\"elementor-section elementor-top-section elementor-element elementor-element-ec2afc3 elementor-section-boxed elementor-section-height-default elementor-section-height-default\" data-id=\"ec2afc3\" data-element_type=\"section\" data-settings=\"{&quot;background_background&quot;:&quot;classic&quot;}\">\n\t\t\t\t\t\t<div class=\"elementor-container elementor-column-gap-default\">\n\t\t\t\t\t<div class=\"elementor-column elementor-col-100 elementor-top-column elementor-element elementor-element-3aae626\" data-id=\"3aae626\" data-element_type=\"column\">\n\t\t\t<div class=\"elementor-widget-wrap elementor-element-populated\">\n\t\t\t\t\t\t\t\t<div class=\"elementor-element elementor-element-989bd9e elementor-widget elementor-widget-heading\" data-id=\"989bd9e\" data-element_type=\"widget\" data-widget_type=\"heading.default\">\n\t\t\t\t<div class=\"elementor-widget-container\">\n\t\t\t<h2 class=\"elementor-heading-title elementor-size-default\">\u00bfQU\u00c9 ES EL PROYECTO FREE ALL?<\/h2>\t\t<\/div>\n\t\t\t\t<\/div>\n\t\t\t\t<div class=\"elementor-element elementor-element-4376a6e elementor-widget elementor-widget-text-editor\" data-id=\"4376a6e\" data-element_type=\"widget\" data-widget_type=\"text-editor.default\">\n\t\t\t\t<div class=\"elementor-widget-container\">\n\t\t\t<style>\/*! elementor - v3.18.0 - 20-12-2023 *\/\n.elementor-widget-text-editor.elementor-drop-cap-view-stacked .elementor-drop-cap{background-color:#69727d;color:#fff}.elementor-widget-text-editor.elementor-drop-cap-view-framed .elementor-drop-cap{color:#69727d;border:3px solid;background-color:transparent}.elementor-widget-text-editor:not(.elementor-drop-cap-view-default) .elementor-drop-cap{margin-top:8px}.elementor-widget-text-editor:not(.elementor-drop-cap-view-default) .elementor-drop-cap-letter{width:1em;height:1em}.elementor-widget-text-editor .elementor-drop-cap{float:left;text-align:center;line-height:1;font-size:50px}.elementor-widget-text-editor .elementor-drop-cap-letter{display:inline-block}<\/style>\t\t\t\t<p>El proyecto pretende trabajar especialmente en las necesidades de los j\u00f3venes LGBTQI+ y de los inmigrantes y refugiados LGBTQI+ que se han visto especialmente afectados por formas de discriminaci\u00f3n, abuso y violencia debido al aislamiento y las restricciones de movilidad durante la pandemia. Estas lagunas corren el riesgo de reproducir a\u00fan m\u00e1s el patr\u00f3n de exclusi\u00f3n social que ya experimentan las personas LGBTQI+ en muchos contextos europeos.<\/p><p>Bas\u00e1ndose en una colaboraci\u00f3n a largo plazo y en los resultados obtenidos en la prevenci\u00f3n y respuesta a la violencia de g\u00e9nero en los pa\u00edses objetivo, las asociaciones y organizaciones que cooperan en el proyecto FreeAll reconocen las deficiencias de los sistemas de protecci\u00f3n para las personas LGBTQI+ supervivientes o en riesgo de sufrir violencia. Estas condiciones se han visto agravadas por la pandemia.<\/p><p>Las organizaciones que participan en el proyecto tienen la intenci\u00f3n de trabajar juntas para reforzar los servicios legales, sanitarios, sociales y judiciales disponibles con el fin de identificar y apoyar r\u00e1pidamente a los supervivientes LGBTQI+ de la violencia de g\u00e9nero.<\/p>\t\t\t\t\t\t<\/div>\n\t\t\t\t<\/div>\n\t\t\t\t\t<\/div>\n\t\t<\/div>\n\t\t\t\t\t\t\t<\/div>\n\t\t<\/section>\n\t\t\t\t<section class=\"elementor-section elementor-top-section elementor-element elementor-element-93a18ef elementor-section-boxed elementor-section-height-default elementor-section-height-default\" data-id=\"93a18ef\" data-element_type=\"section\">\n\t\t\t\t\t\t<div class=\"elementor-container elementor-column-gap-default\">\n\t\t\t\t\t<div class=\"elementor-column elementor-col-100 elementor-top-column elementor-element elementor-element-105a5e3\" data-id=\"105a5e3\" data-element_type=\"column\">\n\t\t\t<div class=\"elementor-widget-wrap elementor-element-populated\">\n\t\t\t\t\t\t\t\t<section class=\"elementor-section elementor-inner-section elementor-element elementor-element-02c0f24 elementor-section-full_width elementor-section-height-default elementor-section-height-default\" data-id=\"02c0f24\" data-element_type=\"section\">\n\t\t\t\t\t\t<div class=\"elementor-container elementor-column-gap-default\">\n\t\t\t\t\t<div class=\"elementor-column elementor-col-50 elementor-inner-column elementor-element elementor-element-dac2382\" data-id=\"dac2382\" data-element_type=\"column\">\n\t\t\t<div class=\"elementor-widget-wrap elementor-element-populated\">\n\t\t\t\t\t\t\t\t<div class=\"elementor-element elementor-element-f08bb08 elementor-hidden-desktop elementor-hidden-tablet elementor-widget elementor-widget-image\" data-id=\"f08bb08\" data-element_type=\"widget\" data-widget_type=\"image.default\">\n\t\t\t\t<div class=\"elementor-widget-container\">\n\t\t\t<style>\/*! elementor - v3.18.0 - 20-12-2023 *\/\n.elementor-widget-image{text-align:center}.elementor-widget-image a{display:inline-block}.elementor-widget-image a img[src$=\".svg\"]{width:48px}.elementor-widget-image img{vertical-align:middle;display:inline-block}<\/style>\t\t\t\t\t\t\t\t\t\t\t\t<img decoding=\"async\" src=\"http:\/\/freeall.oxfam.it\/wp-content\/uploads\/2022\/07\/image_1.svg\" title=\"\" alt=\"\" loading=\"lazy\" \/>\t\t\t\t\t\t\t\t\t\t\t\t\t\t\t<\/div>\n\t\t\t\t<\/div>\n\t\t\t\t<div class=\"elementor-element elementor-element-f742b13 elementor-widget elementor-widget-text-editor\" data-id=\"f742b13\" data-element_type=\"widget\" data-widget_type=\"text-editor.default\">\n\t\t\t\t<div class=\"elementor-widget-container\">\n\t\t\t\t\t\t\t<p><strong>Objetivos del proyecto<\/strong><\/p>\t\t\t\t\t\t<\/div>\n\t\t\t\t<\/div>\n\t\t\t\t<div class=\"elementor-element elementor-element-eded033 elementor-widget elementor-widget-text-editor\" data-id=\"eded033\" data-element_type=\"widget\" data-widget_type=\"text-editor.default\">\n\t\t\t\t<div class=\"elementor-widget-container\">\n\t\t\t\t\t\t\t<ul><li>Sensibilizar al personal de primera l\u00ednea y a los profesores\/educadores sobre la protecci\u00f3n y la seguridad de las personas LGBTQI+ y de los j\u00f3venes, proporcionando formaci\u00f3n con perspectiva de g\u00e9nero, aprendizaje mutuo y oportunidades de desarrollo de capacidades<\/li><li>Sensibilizar y formar a las personas LGBTQI+ y a la comunidad ampliada sobre sus derechos y los servicios de protecci\u00f3n disponibles en los diferentes territorios para las acciones de derivaci\u00f3n<\/li><li>Promover recomendaciones pol\u00edticas m\u00e1s inclusivas y buenas pr\u00e1cticas de servicios de protecci\u00f3n.<\/li><\/ul>\t\t\t\t\t\t<\/div>\n\t\t\t\t<\/div>\n\t\t\t\t\t<\/div>\n\t\t<\/div>\n\t\t\t\t<div class=\"elementor-column elementor-col-50 elementor-inner-column elementor-element elementor-element-19c6cfc elementor-hidden-phone\" data-id=\"19c6cfc\" data-element_type=\"column\">\n\t\t\t<div class=\"elementor-widget-wrap elementor-element-populated\">\n\t\t\t\t\t\t\t\t<div class=\"elementor-element elementor-element-68bfec7 elementor-widget elementor-widget-image\" data-id=\"68bfec7\" data-element_type=\"widget\" data-widget_type=\"image.default\">\n\t\t\t\t<div class=\"elementor-widget-container\">\n\t\t\t\t\t\t\t\t\t\t\t\t\t\t\t<img decoding=\"async\" src=\"http:\/\/freeall.oxfam.it\/wp-content\/uploads\/2022\/07\/image_1.svg\" title=\"\" alt=\"\" loading=\"lazy\" \/>\t\t\t\t\t\t\t\t\t\t\t\t\t\t\t<\/div>\n\t\t\t\t<\/div>\n\t\t\t\t\t<\/div>\n\t\t<\/div>\n\t\t\t\t\t\t\t<\/div>\n\t\t<\/section>\n\t\t\t\t\t<\/div>\n\t\t<\/div>\n\t\t\t\t\t\t\t<\/div>\n\t\t<\/section>\n\t\t\t\t<section class=\"elementor-section elementor-top-section elementor-element elementor-element-795840c elementor-section-boxed elementor-section-height-default elementor-section-height-default\" data-id=\"795840c\" data-element_type=\"section\">\n\t\t\t\t\t\t<div class=\"elementor-container elementor-column-gap-default\">\n\t\t\t\t\t<div class=\"elementor-column elementor-col-100 elementor-top-column elementor-element elementor-element-20057b7\" data-id=\"20057b7\" data-element_type=\"column\">\n\t\t\t<div class=\"elementor-widget-wrap elementor-element-populated\">\n\t\t\t\t\t\t\t\t<section class=\"elementor-section elementor-inner-section elementor-element elementor-element-fd3dec6 elementor-section-full_width elementor-section-height-default elementor-section-height-default\" data-id=\"fd3dec6\" data-element_type=\"section\">\n\t\t\t\t\t\t<div class=\"elementor-container elementor-column-gap-default\">\n\t\t\t\t\t<div class=\"elementor-column elementor-col-50 elementor-inner-column elementor-element elementor-element-68f932a\" data-id=\"68f932a\" data-element_type=\"column\">\n\t\t\t<div class=\"elementor-widget-wrap elementor-element-populated\">\n\t\t\t\t\t\t\t\t<div class=\"elementor-element elementor-element-4702d50 elementor-widget elementor-widget-image\" data-id=\"4702d50\" data-element_type=\"widget\" data-widget_type=\"image.default\">\n\t\t\t\t<div class=\"elementor-widget-container\">\n\t\t\t\t\t\t\t\t\t\t\t\t\t\t\t<img decoding=\"async\" src=\"http:\/\/freeall.oxfam.it\/wp-content\/uploads\/2022\/07\/image_1.svg\" title=\"\" alt=\"\" loading=\"lazy\" \/>\t\t\t\t\t\t\t\t\t\t\t\t\t\t\t<\/div>\n\t\t\t\t<\/div>\n\t\t\t\t\t<\/div>\n\t\t<\/div>\n\t\t\t\t<div class=\"elementor-column elementor-col-50 elementor-inner-column elementor-element elementor-element-17a89cb\" data-id=\"17a89cb\" data-element_type=\"column\">\n\t\t\t<div class=\"elementor-widget-wrap elementor-element-populated\">\n\t\t\t\t\t\t\t\t<div class=\"elementor-element elementor-element-d7d6759 elementor-widget elementor-widget-text-editor\" data-id=\"d7d6759\" data-element_type=\"widget\" data-widget_type=\"text-editor.default\">\n\t\t\t\t<div class=\"elementor-widget-container\">\n\t\t\t\t\t\t\t<p><strong>Resultados del proyecto<\/strong><\/p>\t\t\t\t\t\t<\/div>\n\t\t\t\t<\/div>\n\t\t\t\t<div class=\"elementor-element elementor-element-191005f elementor-widget elementor-widget-text-editor\" data-id=\"191005f\" data-element_type=\"widget\" data-widget_type=\"text-editor.default\">\n\t\t\t\t<div class=\"elementor-widget-container\">\n\t\t\t\t\t\t\t<ul><li>Fortalecimiento de los servicios legales, sociales, sanitarios y judiciales para identificar y apoyar r\u00e1pidamente a las personas LGBTQI+ supervivientes de la violencia sexual.<\/li><li>Consolidaci\u00f3n de las redes de protecci\u00f3n e inclusi\u00f3n de las asociaciones LGBTQI+ en el sistema de respuesta como canal de referencia informado para proporcionar apoyo a los supervivientes.<\/li><li>Difusi\u00f3n de las recomendaciones y resultados obtenidos a nivel nacional en Italia, Espa\u00f1a y Grecia con la identificaci\u00f3n de un modelo de intervenci\u00f3n a gran escala a nivel europeo.<\/li><\/ul>\t\t\t\t\t\t<\/div>\n\t\t\t\t<\/div>\n\t\t\t\t\t<\/div>\n\t\t<\/div>\n\t\t\t\t\t\t\t<\/div>\n\t\t<\/section>\n\t\t\t\t\t<\/div>\n\t\t<\/div>\n\t\t\t\t\t\t\t<\/div>\n\t\t<\/section>\n\t\t\t\t<section class=\"elementor-section elementor-top-section elementor-element elementor-element-7b4f322 elementor-section-boxed elementor-section-height-default elementor-section-height-default\" data-id=\"7b4f322\" data-element_type=\"section\" data-settings=\"{&quot;background_background&quot;:&quot;classic&quot;}\">\n\t\t\t\t\t\t<div class=\"elementor-container elementor-column-gap-default\">\n\t\t\t\t\t<div class=\"elementor-column elementor-col-100 elementor-top-column elementor-element elementor-element-58943f6\" data-id=\"58943f6\" data-element_type=\"column\">\n\t\t\t<div class=\"elementor-widget-wrap elementor-element-populated\">\n\t\t\t\t\t\t\t\t<div class=\"elementor-element elementor-element-ed52f0b elementor-widget elementor-widget-heading\" data-id=\"ed52f0b\" data-element_type=\"widget\" data-widget_type=\"heading.default\">\n\t\t\t\t<div class=\"elementor-widget-container\">\n\t\t\t<h2 class=\"elementor-heading-title elementor-size-default\">BENEFICIARIOS DEL PROYECTO<\/h2>\t\t<\/div>\n\t\t\t\t<\/div>\n\t\t\t\t<div class=\"elementor-element elementor-element-48b6bcc elementor-widget elementor-widget-text-editor\" data-id=\"48b6bcc\" data-element_type=\"widget\" data-widget_type=\"text-editor.default\">\n\t\t\t\t<div class=\"elementor-widget-container\">\n\t\t\t\t\t\t\t<ul><li>Profesionales en primera l\u00ednea de la respuesta a la violencia, para aumentar sus competencias en materia de inclusi\u00f3n y respuesta a las necesidades espec\u00edficas de las personas LGBTQI+ (trabajo sobre estereotipos de g\u00e9nero, violencia, derechos y proyectos personales).<\/li><li>Profesores de secundaria formados en la protecci\u00f3n de los derechos de las personas LGBTQI+ entre los j\u00f3venes.<\/li><li>Apoyo directo a los supervivientes de la violencia, la discriminaci\u00f3n y los abusos por parte de las personas LGBTQI+ con actividades sociales, jur\u00eddicas, sanitarias y de asesoramiento (con especial atenci\u00f3n a los j\u00f3venes y a los inmigrantes y refugiados).<\/li><li>Servicios p\u00fablicos y privados implicados en acciones de red para combatir la violencia LGBTQI+.<\/li><li>Profesionales de los servicios a trav\u00e9s de acciones de formaci\u00f3n en el puesto de trabajo.<\/li><\/ul>\t\t\t\t\t\t<\/div>\n\t\t\t\t<\/div>\n\t\t\t\t\t<\/div>\n\t\t<\/div>\n\t\t\t\t\t\t\t<\/div>\n\t\t<\/section>\n\t\t\t\t\t\t\t<\/div>\n\t\t","protected":false},"excerpt":{"rendered":"<p>EL PROYECTO \u00bfQU\u00c9 ES EL PROYECTO FREE ALL? El proyecto pretende trabajar especialmente en las necesidades de los j\u00f3venes LGBTQI+ y de los inmigrantes y refugiados LGBTQI+ que se han visto especialmente afectados por formas de discriminaci\u00f3n, abuso y violencia debido al aislamiento y las restricciones de movilidad durante la pandemia. Estas lagunas corren el [&hellip;]<\/p>\n","protected":false},"author":1,"featured_media":0,"parent":0,"menu_order":0,"comment_status":"closed","ping_status":"closed","template":"","meta":{"inline_featured_image":false,"footnotes":""},"class_list":["post-1040","page","type-page","status-publish","hentry"],"acf":[],"yoast_head":"<!-- This site is optimized with the Yoast SEO plugin v21.9.1 - https:\/\/yoast.com\/wordpress\/plugins\/seo\/ -->\n<title>Proyecto - Free All<\/title>\n<meta name=\"robots\" content=\"index, follow, max-snippet:-1, max-image-preview:large, max-video-preview:-1\" \/>\n<link rel=\"canonical\" href=\"https:\/\/freeall.oxfam.it\/es\/proyecto\/\" \/>\n<meta property=\"og:locale\" content=\"es_ES\" \/>\n<meta property=\"og:type\" content=\"article\" \/>\n<meta property=\"og:title\" content=\"Proyecto - Free All\" \/>\n<meta property=\"og:description\" content=\"EL PROYECTO \u00bfQU\u00c9 ES EL PROYECTO FREE ALL? El proyecto pretende trabajar especialmente en las necesidades de los j\u00f3venes LGBTQI+ y de los inmigrantes y refugiados LGBTQI+ que se han visto especialmente afectados por formas de discriminaci\u00f3n, abuso y violencia debido al aislamiento y las restricciones de movilidad durante la pandemia. Estas lagunas corren el [&hellip;]\" \/>\n<meta property=\"og:url\" content=\"https:\/\/freeall.oxfam.it\/es\/proyecto\/\" \/>\n<meta property=\"og:site_name\" content=\"Free All\" \/>\n<meta property=\"article:modified_time\" content=\"2022-07-30T12:13:37+00:00\" \/>\n<meta property=\"og:image\" content=\"http:\/\/freeall.oxfam.it\/wp-content\/uploads\/2022\/07\/image_1.svg\" \/>\n<meta name=\"twitter:card\" content=\"summary_large_image\" \/>\n<meta name=\"twitter:label1\" content=\"Tiempo de lectura\" \/>\n\t<meta name=\"twitter:data1\" content=\"4 minutos\" \/>\n<script type=\"application\/ld+json\" class=\"yoast-schema-graph\">{\"@context\":\"https:\/\/schema.org\",\"@graph\":[{\"@type\":\"WebPage\",\"@id\":\"https:\/\/freeall.oxfam.it\/es\/proyecto\/\",\"url\":\"https:\/\/freeall.oxfam.it\/es\/proyecto\/\",\"name\":\"Proyecto - Free All\",\"isPartOf\":{\"@id\":\"https:\/\/freeall.oxfam.it\/#website\"},\"datePublished\":\"2022-07-15T09:33:08+00:00\",\"dateModified\":\"2022-07-30T12:13:37+00:00\",\"breadcrumb\":{\"@id\":\"https:\/\/freeall.oxfam.it\/es\/proyecto\/#breadcrumb\"},\"inLanguage\":\"es\",\"potentialAction\":[{\"@type\":\"ReadAction\",\"target\":[\"https:\/\/freeall.oxfam.it\/es\/proyecto\/\"]}]},{\"@type\":\"BreadcrumbList\",\"@id\":\"https:\/\/freeall.oxfam.it\/es\/proyecto\/#breadcrumb\",\"itemListElement\":[{\"@type\":\"ListItem\",\"position\":1,\"name\":\"Home\",\"item\":\"https:\/\/freeall.oxfam.it\/\"},{\"@type\":\"ListItem\",\"position\":2,\"name\":\"Proyecto\"}]},{\"@type\":\"WebSite\",\"@id\":\"https:\/\/freeall.oxfam.it\/#website\",\"url\":\"https:\/\/freeall.oxfam.it\/\",\"name\":\"Free All\",\"description\":\"\",\"potentialAction\":[{\"@type\":\"SearchAction\",\"target\":{\"@type\":\"EntryPoint\",\"urlTemplate\":\"https:\/\/freeall.oxfam.it\/?s={search_term_string}\"},\"query-input\":\"required name=search_term_string\"}],\"inLanguage\":\"es\"}]}<\/script>\n<!-- \/ Yoast SEO plugin. -->","yoast_head_json":{"title":"Proyecto - Free All","robots":{"index":"index","follow":"follow","max-snippet":"max-snippet:-1","max-image-preview":"max-image-preview:large","max-video-preview":"max-video-preview:-1"},"canonical":"https:\/\/freeall.oxfam.it\/es\/proyecto\/","og_locale":"es_ES","og_type":"article","og_title":"Proyecto - Free All","og_description":"EL PROYECTO \u00bfQU\u00c9 ES EL PROYECTO FREE ALL? El proyecto pretende trabajar especialmente en las necesidades de los j\u00f3venes LGBTQI+ y de los inmigrantes y refugiados LGBTQI+ que se han visto especialmente afectados por formas de discriminaci\u00f3n, abuso y violencia debido al aislamiento y las restricciones de movilidad durante la pandemia. Estas lagunas corren el [&hellip;]","og_url":"https:\/\/freeall.oxfam.it\/es\/proyecto\/","og_site_name":"Free All","article_modified_time":"2022-07-30T12:13:37+00:00","og_image":[{"url":"http:\/\/freeall.oxfam.it\/wp-content\/uploads\/2022\/07\/image_1.svg"}],"twitter_card":"summary_large_image","twitter_misc":{"Tiempo de lectura":"4 minutos"},"schema":{"@context":"https:\/\/schema.org","@graph":[{"@type":"WebPage","@id":"https:\/\/freeall.oxfam.it\/es\/proyecto\/","url":"https:\/\/freeall.oxfam.it\/es\/proyecto\/","name":"Proyecto - Free All","isPartOf":{"@id":"https:\/\/freeall.oxfam.it\/#website"},"datePublished":"2022-07-15T09:33:08+00:00","dateModified":"2022-07-30T12:13:37+00:00","breadcrumb":{"@id":"https:\/\/freeall.oxfam.it\/es\/proyecto\/#breadcrumb"},"inLanguage":"es","potentialAction":[{"@type":"ReadAction","target":["https:\/\/freeall.oxfam.it\/es\/proyecto\/"]}]},{"@type":"BreadcrumbList","@id":"https:\/\/freeall.oxfam.it\/es\/proyecto\/#breadcrumb","itemListElement":[{"@type":"ListItem","position":1,"name":"Home","item":"https:\/\/freeall.oxfam.it\/"},{"@type":"ListItem","position":2,"name":"Proyecto"}]},{"@type":"WebSite","@id":"https:\/\/freeall.oxfam.it\/#website","url":"https:\/\/freeall.oxfam.it\/","name":"Free All","description":"","potentialAction":[{"@type":"SearchAction","target":{"@type":"EntryPoint","urlTemplate":"https:\/\/freeall.oxfam.it\/?s={search_term_string}"},"query-input":"required name=search_term_string"}],"inLanguage":"es"}]}},"_links":{"self":[{"href":"https:\/\/freeall.oxfam.it\/es\/wp-json\/wp\/v2\/pages\/1040","targetHints":{"allow":["GET"]}}],"collection":[{"href":"https:\/\/freeall.oxfam.it\/es\/wp-json\/wp\/v2\/pages"}],"about":[{"href":"https:\/\/freeall.oxfam.it\/es\/wp-json\/wp\/v2\/types\/page"}],"author":[{"embeddable":true,"href":"https:\/\/freeall.oxfam.it\/es\/wp-json\/wp\/v2\/users\/1"}],"replies":[{"embeddable":true,"href":"https:\/\/freeall.oxfam.it\/es\/wp-json\/wp\/v2\/comments?post=1040"}],"version-history":[{"count":0,"href":"https:\/\/freeall.oxfam.it\/es\/wp-json\/wp\/v2\/pages\/1040\/revisions"}],"wp:attachment":[{"href":"https:\/\/freeall.oxfam.it\/es\/wp-json\/wp\/v2\/media?parent=1040"}],"curies":[{"name":"wp","href":"https:\/\/api.w.org\/{rel}","templated":true}]}}