{"id":1045,"date":"2022-07-15T11:33:24","date_gmt":"2022-07-15T09:33:24","guid":{"rendered":"http:\/\/freeall.webdraft2020.it\/attivita\/"},"modified":"2022-07-30T14:04:13","modified_gmt":"2022-07-30T12:04:13","slug":"actividades","status":"publish","type":"page","link":"https:\/\/freeall.oxfam.it\/es\/actividades\/","title":{"rendered":"Actividades"},"content":{"rendered":"\t\t<div data-elementor-type=\"wp-page\" data-elementor-id=\"1045\" class=\"elementor elementor-1045\" data-elementor-post-type=\"page\">\n\t\t\t\t\t\t\t\t\t<section class=\"elementor-section elementor-top-section elementor-element elementor-element-8cd512e elementor-section-boxed elementor-section-height-default elementor-section-height-default\" data-id=\"8cd512e\" data-element_type=\"section\" data-settings=\"{&quot;background_background&quot;:&quot;classic&quot;}\">\n\t\t\t\t\t\t<div class=\"elementor-container elementor-column-gap-default\">\n\t\t\t\t\t<div class=\"elementor-column elementor-col-100 elementor-top-column elementor-element elementor-element-c6136ba\" data-id=\"c6136ba\" data-element_type=\"column\">\n\t\t\t<div class=\"elementor-widget-wrap elementor-element-populated\">\n\t\t\t\t\t\t\t\t<div class=\"elementor-element elementor-element-b2e55d9 elementor-widget elementor-widget-heading\" data-id=\"b2e55d9\" data-element_type=\"widget\" data-widget_type=\"heading.default\">\n\t\t\t\t<div class=\"elementor-widget-container\">\n\t\t\t<style>\/*! elementor - v3.18.0 - 20-12-2023 *\/\n.elementor-heading-title{padding:0;margin:0;line-height:1}.elementor-widget-heading .elementor-heading-title[class*=elementor-size-]>a{color:inherit;font-size:inherit;line-height:inherit}.elementor-widget-heading .elementor-heading-title.elementor-size-small{font-size:15px}.elementor-widget-heading .elementor-heading-title.elementor-size-medium{font-size:19px}.elementor-widget-heading .elementor-heading-title.elementor-size-large{font-size:29px}.elementor-widget-heading .elementor-heading-title.elementor-size-xl{font-size:39px}.elementor-widget-heading .elementor-heading-title.elementor-size-xxl{font-size:59px}<\/style><h1 class=\"elementor-heading-title elementor-size-default\">ACTIVIDADES DEL PROYECTO<\/h1>\t\t<\/div>\n\t\t\t\t<\/div>\n\t\t\t\t\t<\/div>\n\t\t<\/div>\n\t\t\t\t\t\t\t<\/div>\n\t\t<\/section>\n\t\t\t\t<section class=\"elementor-section elementor-top-section elementor-element elementor-element-c804f5c elementor-section-boxed elementor-section-height-default elementor-section-height-default\" data-id=\"c804f5c\" data-element_type=\"section\" data-settings=\"{&quot;background_background&quot;:&quot;classic&quot;}\">\n\t\t\t\t\t\t<div class=\"elementor-container elementor-column-gap-default\">\n\t\t\t\t\t<div class=\"elementor-column elementor-col-100 elementor-top-column elementor-element elementor-element-68388eb\" data-id=\"68388eb\" data-element_type=\"column\">\n\t\t\t<div class=\"elementor-widget-wrap elementor-element-populated\">\n\t\t\t\t\t\t\t\t<div class=\"elementor-element elementor-element-becd0b5 elementor-widget elementor-widget-heading\" data-id=\"becd0b5\" data-element_type=\"widget\" data-widget_type=\"heading.default\">\n\t\t\t\t<div class=\"elementor-widget-container\">\n\t\t\t<h2 class=\"elementor-heading-title elementor-size-default\">CONSOLIDACI\u00d3N DE LA RED<\/h2>\t\t<\/div>\n\t\t\t\t<\/div>\n\t\t\t\t<div class=\"elementor-element elementor-element-7d3c7eb elementor-widget elementor-widget-text-editor\" data-id=\"7d3c7eb\" data-element_type=\"widget\" data-widget_type=\"text-editor.default\">\n\t\t\t\t<div class=\"elementor-widget-container\">\n\t\t\t<style>\/*! elementor - v3.18.0 - 20-12-2023 *\/\n.elementor-widget-text-editor.elementor-drop-cap-view-stacked .elementor-drop-cap{background-color:#69727d;color:#fff}.elementor-widget-text-editor.elementor-drop-cap-view-framed .elementor-drop-cap{color:#69727d;border:3px solid;background-color:transparent}.elementor-widget-text-editor:not(.elementor-drop-cap-view-default) .elementor-drop-cap{margin-top:8px}.elementor-widget-text-editor:not(.elementor-drop-cap-view-default) .elementor-drop-cap-letter{width:1em;height:1em}.elementor-widget-text-editor .elementor-drop-cap{float:left;text-align:center;line-height:1;font-size:50px}.elementor-widget-text-editor .elementor-drop-cap-letter{display:inline-block}<\/style>\t\t\t\t<p>Intercambio de buenas pr\u00e1cticas y enfoque inclusivo por parte de los servicios judiciales, sociales y educativos responsables de la protecci\u00f3n y el apoyo a las personas LGBTQI+ que son v\u00edctimas potenciales o reales de la violencia de g\u00e9nero (VG).<\/p>\t\t\t\t\t\t<\/div>\n\t\t\t\t<\/div>\n\t\t\t\t<div class=\"elementor-element elementor-element-deef86f elementor-widget elementor-widget-heading\" data-id=\"deef86f\" data-element_type=\"widget\" data-widget_type=\"heading.default\">\n\t\t\t\t<div class=\"elementor-widget-container\">\n\t\t\t<h2 class=\"elementor-heading-title elementor-size-default\">INVESTIGACI\u00d3N: TRABAJO EN RED PARA LA CREACI\u00d3N DE SERVICIOS INCLUSIVOS<\/h2>\t\t<\/div>\n\t\t\t\t<\/div>\n\t\t\t\t<div class=\"elementor-element elementor-element-f1cd8a3 elementor-widget elementor-widget-text-editor\" data-id=\"f1cd8a3\" data-element_type=\"widget\" data-widget_type=\"text-editor.default\">\n\t\t\t\t<div class=\"elementor-widget-container\">\n\t\t\t\t\t\t\t<p>Se organizar\u00e1n grupos focales tem\u00e1ticos para recoger datos sobre las necesidades y las posibles respuestas a las carencias del sistema en cuanto a pol\u00edticas y pr\u00e1cticas. Esto conducir\u00e1 a un manifiesto conjunto de intenciones para implementar servicios inclusivos para los supervivientes de la violencia de g\u00e9nero entre las personas LGBTQI+.<\/p>\t\t\t\t\t\t<\/div>\n\t\t\t\t<\/div>\n\t\t\t\t\t<\/div>\n\t\t<\/div>\n\t\t\t\t\t\t\t<\/div>\n\t\t<\/section>\n\t\t\t\t<section class=\"elementor-section elementor-top-section elementor-element elementor-element-daaaf67 elementor-section-boxed elementor-section-height-default elementor-section-height-default\" data-id=\"daaaf67\" data-element_type=\"section\">\n\t\t\t\t\t\t<div class=\"elementor-container elementor-column-gap-default\">\n\t\t\t\t\t<div class=\"elementor-column elementor-col-100 elementor-top-column elementor-element elementor-element-14db843\" data-id=\"14db843\" data-element_type=\"column\">\n\t\t\t<div class=\"elementor-widget-wrap elementor-element-populated\">\n\t\t\t\t\t\t\t\t<section class=\"elementor-section elementor-inner-section elementor-element elementor-element-044f0ce elementor-section-full_width elementor-section-height-default elementor-section-height-default\" data-id=\"044f0ce\" data-element_type=\"section\">\n\t\t\t\t\t\t<div class=\"elementor-container elementor-column-gap-default\">\n\t\t\t\t\t<div class=\"elementor-column elementor-col-50 elementor-inner-column elementor-element elementor-element-d9ed303\" data-id=\"d9ed303\" data-element_type=\"column\">\n\t\t\t<div class=\"elementor-widget-wrap elementor-element-populated\">\n\t\t\t\t\t\t\t\t<div class=\"elementor-element elementor-element-bd8e489 elementor-hidden-desktop elementor-hidden-tablet elementor-widget elementor-widget-image\" data-id=\"bd8e489\" data-element_type=\"widget\" data-widget_type=\"image.default\">\n\t\t\t\t<div class=\"elementor-widget-container\">\n\t\t\t<style>\/*! elementor - v3.18.0 - 20-12-2023 *\/\n.elementor-widget-image{text-align:center}.elementor-widget-image a{display:inline-block}.elementor-widget-image a img[src$=\".svg\"]{width:48px}.elementor-widget-image img{vertical-align:middle;display:inline-block}<\/style>\t\t\t\t\t\t\t\t\t\t\t\t<img fetchpriority=\"high\" decoding=\"async\" width=\"637\" height=\"600\" src=\"https:\/\/freeall.oxfam.it\/wp-content\/uploads\/2022\/07\/Formazione.png\" class=\"attachment-full size-full wp-image-846\" alt=\"\" srcset=\"https:\/\/freeall.oxfam.it\/wp-content\/uploads\/2022\/07\/Formazione.png 637w, https:\/\/freeall.oxfam.it\/wp-content\/uploads\/2022\/07\/Formazione-300x283.png 300w\" sizes=\"(max-width: 637px) 100vw, 637px\" \/>\t\t\t\t\t\t\t\t\t\t\t\t\t\t\t<\/div>\n\t\t\t\t<\/div>\n\t\t\t\t<div class=\"elementor-element elementor-element-ccde236 elementor-widget elementor-widget-text-editor\" data-id=\"ccde236\" data-element_type=\"widget\" data-widget_type=\"text-editor.default\">\n\t\t\t\t<div class=\"elementor-widget-container\">\n\t\t\t\t\t\t\t<p><strong>Formaci\u00f3n sobre la respuesta de protecci\u00f3n sensible al g\u00e9nero.<\/strong><\/p>\t\t\t\t\t\t<\/div>\n\t\t\t\t<\/div>\n\t\t\t\t<div class=\"elementor-element elementor-element-e81b622 elementor-widget elementor-widget-text-editor\" data-id=\"e81b622\" data-element_type=\"widget\" data-widget_type=\"text-editor.default\">\n\t\t\t\t<div class=\"elementor-widget-container\">\n\t\t\t\t\t\t\t<p>Se organizar\u00e1n cursos de formaci\u00f3n para desafiar los estereotipos de g\u00e9nero y los prejuicios inconscientes entre los operadores sociales, legales, judiciales y sanitarios para promover un enfoque m\u00e1s inclusivo y sensible al g\u00e9nero para las personas LGBTQI+ que son v\u00edctimas potenciales o reales de la violencia.<\/p>\t\t\t\t\t\t<\/div>\n\t\t\t\t<\/div>\n\t\t\t\t\t<\/div>\n\t\t<\/div>\n\t\t\t\t<div class=\"elementor-column elementor-col-50 elementor-inner-column elementor-element elementor-element-b4787b8 elementor-hidden-phone\" data-id=\"b4787b8\" data-element_type=\"column\">\n\t\t\t<div class=\"elementor-widget-wrap elementor-element-populated\">\n\t\t\t\t\t\t\t\t<div class=\"elementor-element elementor-element-ebdfe52 elementor-widget elementor-widget-image\" data-id=\"ebdfe52\" data-element_type=\"widget\" data-widget_type=\"image.default\">\n\t\t\t\t<div class=\"elementor-widget-container\">\n\t\t\t\t\t\t\t\t\t\t\t\t\t\t\t<img fetchpriority=\"high\" decoding=\"async\" width=\"637\" height=\"600\" src=\"https:\/\/freeall.oxfam.it\/wp-content\/uploads\/2022\/07\/Formazione.png\" class=\"attachment-full size-full wp-image-846\" alt=\"\" srcset=\"https:\/\/freeall.oxfam.it\/wp-content\/uploads\/2022\/07\/Formazione.png 637w, https:\/\/freeall.oxfam.it\/wp-content\/uploads\/2022\/07\/Formazione-300x283.png 300w\" sizes=\"(max-width: 637px) 100vw, 637px\" \/>\t\t\t\t\t\t\t\t\t\t\t\t\t\t\t<\/div>\n\t\t\t\t<\/div>\n\t\t\t\t\t<\/div>\n\t\t<\/div>\n\t\t\t\t\t\t\t<\/div>\n\t\t<\/section>\n\t\t\t\t\t<\/div>\n\t\t<\/div>\n\t\t\t\t\t\t\t<\/div>\n\t\t<\/section>\n\t\t\t\t<section class=\"elementor-section elementor-top-section elementor-element elementor-element-96c63ae elementor-section-boxed elementor-section-height-default elementor-section-height-default\" data-id=\"96c63ae\" data-element_type=\"section\">\n\t\t\t\t\t\t<div class=\"elementor-container elementor-column-gap-default\">\n\t\t\t\t\t<div class=\"elementor-column elementor-col-100 elementor-top-column elementor-element elementor-element-bda884c\" data-id=\"bda884c\" data-element_type=\"column\">\n\t\t\t<div class=\"elementor-widget-wrap elementor-element-populated\">\n\t\t\t\t\t\t\t\t<section class=\"elementor-section elementor-inner-section elementor-element elementor-element-b301e38 elementor-section-full_width elementor-section-height-default elementor-section-height-default\" data-id=\"b301e38\" data-element_type=\"section\">\n\t\t\t\t\t\t<div class=\"elementor-container elementor-column-gap-default\">\n\t\t\t\t\t<div class=\"elementor-column elementor-col-50 elementor-inner-column elementor-element elementor-element-5301e3b\" data-id=\"5301e3b\" data-element_type=\"column\">\n\t\t\t<div class=\"elementor-widget-wrap elementor-element-populated\">\n\t\t\t\t\t\t\t\t<div class=\"elementor-element elementor-element-6208445 elementor-widget elementor-widget-image\" data-id=\"6208445\" data-element_type=\"widget\" data-widget_type=\"image.default\">\n\t\t\t\t<div class=\"elementor-widget-container\">\n\t\t\t\t\t\t\t\t\t\t\t\t\t\t\t<img decoding=\"async\" width=\"637\" height=\"600\" src=\"https:\/\/freeall.oxfam.it\/wp-content\/uploads\/2022\/07\/Implementazione.png\" class=\"attachment-full size-full wp-image-848\" alt=\"\" srcset=\"https:\/\/freeall.oxfam.it\/wp-content\/uploads\/2022\/07\/Implementazione.png 637w, https:\/\/freeall.oxfam.it\/wp-content\/uploads\/2022\/07\/Implementazione-300x283.png 300w\" sizes=\"(max-width: 637px) 100vw, 637px\" \/>\t\t\t\t\t\t\t\t\t\t\t\t\t\t\t<\/div>\n\t\t\t\t<\/div>\n\t\t\t\t\t<\/div>\n\t\t<\/div>\n\t\t\t\t<div class=\"elementor-column elementor-col-50 elementor-inner-column elementor-element elementor-element-7ce1939\" data-id=\"7ce1939\" data-element_type=\"column\">\n\t\t\t<div class=\"elementor-widget-wrap elementor-element-populated\">\n\t\t\t\t\t\t\t\t<div class=\"elementor-element elementor-element-eb26b22 elementor-widget elementor-widget-text-editor\" data-id=\"eb26b22\" data-element_type=\"widget\" data-widget_type=\"text-editor.default\">\n\t\t\t\t<div class=\"elementor-widget-container\">\n\t\t\t\t\t\t\t<p><strong>Aplicaci\u00f3n piloto de las acciones de apoyo<\/strong><\/p>\t\t\t\t\t\t<\/div>\n\t\t\t\t<\/div>\n\t\t\t\t<div class=\"elementor-element elementor-element-3e6e764 elementor-widget elementor-widget-text-editor\" data-id=\"3e6e764\" data-element_type=\"widget\" data-widget_type=\"text-editor.default\">\n\t\t\t\t<div class=\"elementor-widget-container\">\n\t\t\t\t\t\t\t<p>Los servicios reforzados y el personal formado proporcionar\u00e1n apoyo directo a los supervivientes de la violencia LGBTQI+. Las actividades de sensibilizaci\u00f3n se dirigir\u00e1n a las comunidades LGBTQI+ para aumentar su conocimiento de los servicios de protecci\u00f3n.<\/p>\t\t\t\t\t\t<\/div>\n\t\t\t\t<\/div>\n\t\t\t\t\t<\/div>\n\t\t<\/div>\n\t\t\t\t\t\t\t<\/div>\n\t\t<\/section>\n\t\t\t\t\t<\/div>\n\t\t<\/div>\n\t\t\t\t\t\t\t<\/div>\n\t\t<\/section>\n\t\t\t\t<section class=\"elementor-section elementor-top-section elementor-element elementor-element-e5de595 elementor-section-boxed elementor-section-height-default elementor-section-height-default\" data-id=\"e5de595\" data-element_type=\"section\" data-settings=\"{&quot;background_background&quot;:&quot;classic&quot;}\">\n\t\t\t\t\t\t<div class=\"elementor-container elementor-column-gap-default\">\n\t\t\t\t\t<div class=\"elementor-column elementor-col-100 elementor-top-column elementor-element elementor-element-fa5f56a\" data-id=\"fa5f56a\" data-element_type=\"column\">\n\t\t\t<div class=\"elementor-widget-wrap elementor-element-populated\">\n\t\t\t\t\t\t\t\t<div class=\"elementor-element elementor-element-6baf636 elementor-widget elementor-widget-heading\" data-id=\"6baf636\" data-element_type=\"widget\" data-widget_type=\"heading.default\">\n\t\t\t\t<div class=\"elementor-widget-container\">\n\t\t\t<h2 class=\"elementor-heading-title elementor-size-default\">DIFUSI\u00d3N DEL MODELO<\/h2>\t\t<\/div>\n\t\t\t\t<\/div>\n\t\t\t\t<div class=\"elementor-element elementor-element-0c90b1a elementor-widget elementor-widget-text-editor\" data-id=\"0c90b1a\" data-element_type=\"widget\" data-widget_type=\"text-editor.default\">\n\t\t\t\t<div class=\"elementor-widget-container\">\n\t\t\t\t\t\t\t<p>Los resultados del proyecto se desarrollar\u00e1n y difundir\u00e1n en cada pa\u00eds socio y las herramientas y metodolog\u00edas del proyecto se adaptar\u00e1n a los contextos espec\u00edficos para compartir un modelo de intervenci\u00f3n de servicios de protecci\u00f3n inclusivos dirigidos a las personas LGBTQI+.<\/p>\t\t\t\t\t\t<\/div>\n\t\t\t\t<\/div>\n\t\t\t\t\t<\/div>\n\t\t<\/div>\n\t\t\t\t\t\t\t<\/div>\n\t\t<\/section>\n\t\t\t\t\t\t\t<\/div>\n\t\t","protected":false},"excerpt":{"rendered":"<p>ACTIVIDADES DEL PROYECTO CONSOLIDACI\u00d3N DE LA RED Intercambio de buenas pr\u00e1cticas y enfoque inclusivo por parte de los servicios judiciales, sociales y educativos responsables de la protecci\u00f3n y el apoyo a las personas LGBTQI+ que son v\u00edctimas potenciales o reales de la violencia de g\u00e9nero (VG). INVESTIGACI\u00d3N: TRABAJO EN RED PARA LA CREACI\u00d3N DE SERVICIOS [&hellip;]<\/p>\n","protected":false},"author":1,"featured_media":0,"parent":0,"menu_order":0,"comment_status":"closed","ping_status":"closed","template":"","meta":{"inline_featured_image":false,"footnotes":""},"class_list":["post-1045","page","type-page","status-publish","hentry"],"acf":[],"yoast_head":"<!-- This site is optimized with the Yoast SEO plugin v21.9.1 - https:\/\/yoast.com\/wordpress\/plugins\/seo\/ -->\n<title>Actividades - Free All<\/title>\n<meta name=\"robots\" content=\"index, follow, max-snippet:-1, max-image-preview:large, max-video-preview:-1\" \/>\n<link rel=\"canonical\" href=\"https:\/\/freeall.oxfam.it\/es\/actividades\/\" \/>\n<meta property=\"og:locale\" content=\"es_ES\" \/>\n<meta property=\"og:type\" content=\"article\" \/>\n<meta property=\"og:title\" content=\"Actividades - Free All\" \/>\n<meta property=\"og:description\" content=\"ACTIVIDADES DEL PROYECTO CONSOLIDACI\u00d3N DE LA RED Intercambio de buenas pr\u00e1cticas y enfoque inclusivo por parte de los servicios judiciales, sociales y educativos responsables de la protecci\u00f3n y el apoyo a las personas LGBTQI+ que son v\u00edctimas potenciales o reales de la violencia de g\u00e9nero (VG). INVESTIGACI\u00d3N: TRABAJO EN RED PARA LA CREACI\u00d3N DE SERVICIOS [&hellip;]\" \/>\n<meta property=\"og:url\" content=\"https:\/\/freeall.oxfam.it\/es\/actividades\/\" \/>\n<meta property=\"og:site_name\" content=\"Free All\" \/>\n<meta property=\"article:modified_time\" content=\"2022-07-30T12:04:13+00:00\" \/>\n<meta property=\"og:image\" content=\"http:\/\/freeall.oxfam.it\/wp-content\/uploads\/2022\/07\/Formazione.png\" \/>\n<meta name=\"twitter:card\" content=\"summary_large_image\" \/>\n<meta name=\"twitter:label1\" content=\"Tiempo de lectura\" \/>\n\t<meta name=\"twitter:data1\" content=\"2 minutos\" \/>\n<script type=\"application\/ld+json\" class=\"yoast-schema-graph\">{\"@context\":\"https:\/\/schema.org\",\"@graph\":[{\"@type\":\"WebPage\",\"@id\":\"https:\/\/freeall.oxfam.it\/es\/actividades\/\",\"url\":\"https:\/\/freeall.oxfam.it\/es\/actividades\/\",\"name\":\"Actividades - Free All\",\"isPartOf\":{\"@id\":\"https:\/\/freeall.oxfam.it\/#website\"},\"datePublished\":\"2022-07-15T09:33:24+00:00\",\"dateModified\":\"2022-07-30T12:04:13+00:00\",\"breadcrumb\":{\"@id\":\"https:\/\/freeall.oxfam.it\/es\/actividades\/#breadcrumb\"},\"inLanguage\":\"es\",\"potentialAction\":[{\"@type\":\"ReadAction\",\"target\":[\"https:\/\/freeall.oxfam.it\/es\/actividades\/\"]}]},{\"@type\":\"BreadcrumbList\",\"@id\":\"https:\/\/freeall.oxfam.it\/es\/actividades\/#breadcrumb\",\"itemListElement\":[{\"@type\":\"ListItem\",\"position\":1,\"name\":\"Home\",\"item\":\"https:\/\/freeall.oxfam.it\/\"},{\"@type\":\"ListItem\",\"position\":2,\"name\":\"Actividades\"}]},{\"@type\":\"WebSite\",\"@id\":\"https:\/\/freeall.oxfam.it\/#website\",\"url\":\"https:\/\/freeall.oxfam.it\/\",\"name\":\"Free All\",\"description\":\"\",\"potentialAction\":[{\"@type\":\"SearchAction\",\"target\":{\"@type\":\"EntryPoint\",\"urlTemplate\":\"https:\/\/freeall.oxfam.it\/?s={search_term_string}\"},\"query-input\":\"required name=search_term_string\"}],\"inLanguage\":\"es\"}]}<\/script>\n<!-- \/ Yoast SEO plugin. -->","yoast_head_json":{"title":"Actividades - Free All","robots":{"index":"index","follow":"follow","max-snippet":"max-snippet:-1","max-image-preview":"max-image-preview:large","max-video-preview":"max-video-preview:-1"},"canonical":"https:\/\/freeall.oxfam.it\/es\/actividades\/","og_locale":"es_ES","og_type":"article","og_title":"Actividades - Free All","og_description":"ACTIVIDADES DEL PROYECTO CONSOLIDACI\u00d3N DE LA RED Intercambio de buenas pr\u00e1cticas y enfoque inclusivo por parte de los servicios judiciales, sociales y educativos responsables de la protecci\u00f3n y el apoyo a las personas LGBTQI+ que son v\u00edctimas potenciales o reales de la violencia de g\u00e9nero (VG). INVESTIGACI\u00d3N: TRABAJO EN RED PARA LA CREACI\u00d3N DE SERVICIOS [&hellip;]","og_url":"https:\/\/freeall.oxfam.it\/es\/actividades\/","og_site_name":"Free All","article_modified_time":"2022-07-30T12:04:13+00:00","og_image":[{"url":"http:\/\/freeall.oxfam.it\/wp-content\/uploads\/2022\/07\/Formazione.png"}],"twitter_card":"summary_large_image","twitter_misc":{"Tiempo de lectura":"2 minutos"},"schema":{"@context":"https:\/\/schema.org","@graph":[{"@type":"WebPage","@id":"https:\/\/freeall.oxfam.it\/es\/actividades\/","url":"https:\/\/freeall.oxfam.it\/es\/actividades\/","name":"Actividades - Free All","isPartOf":{"@id":"https:\/\/freeall.oxfam.it\/#website"},"datePublished":"2022-07-15T09:33:24+00:00","dateModified":"2022-07-30T12:04:13+00:00","breadcrumb":{"@id":"https:\/\/freeall.oxfam.it\/es\/actividades\/#breadcrumb"},"inLanguage":"es","potentialAction":[{"@type":"ReadAction","target":["https:\/\/freeall.oxfam.it\/es\/actividades\/"]}]},{"@type":"BreadcrumbList","@id":"https:\/\/freeall.oxfam.it\/es\/actividades\/#breadcrumb","itemListElement":[{"@type":"ListItem","position":1,"name":"Home","item":"https:\/\/freeall.oxfam.it\/"},{"@type":"ListItem","position":2,"name":"Actividades"}]},{"@type":"WebSite","@id":"https:\/\/freeall.oxfam.it\/#website","url":"https:\/\/freeall.oxfam.it\/","name":"Free All","description":"","potentialAction":[{"@type":"SearchAction","target":{"@type":"EntryPoint","urlTemplate":"https:\/\/freeall.oxfam.it\/?s={search_term_string}"},"query-input":"required name=search_term_string"}],"inLanguage":"es"}]}},"_links":{"self":[{"href":"https:\/\/freeall.oxfam.it\/es\/wp-json\/wp\/v2\/pages\/1045","targetHints":{"allow":["GET"]}}],"collection":[{"href":"https:\/\/freeall.oxfam.it\/es\/wp-json\/wp\/v2\/pages"}],"about":[{"href":"https:\/\/freeall.oxfam.it\/es\/wp-json\/wp\/v2\/types\/page"}],"author":[{"embeddable":true,"href":"https:\/\/freeall.oxfam.it\/es\/wp-json\/wp\/v2\/users\/1"}],"replies":[{"embeddable":true,"href":"https:\/\/freeall.oxfam.it\/es\/wp-json\/wp\/v2\/comments?post=1045"}],"version-history":[{"count":0,"href":"https:\/\/freeall.oxfam.it\/es\/wp-json\/wp\/v2\/pages\/1045\/revisions"}],"wp:attachment":[{"href":"https:\/\/freeall.oxfam.it\/es\/wp-json\/wp\/v2\/media?parent=1045"}],"curies":[{"name":"wp","href":"https:\/\/api.w.org\/{rel}","templated":true}]}}